{"id":918,"date":"2026-04-20T13:12:47","date_gmt":"2026-04-20T13:12:47","guid":{"rendered":"https:\/\/toktoklab.fr\/?page_id=918"},"modified":"2026-04-22T19:36:55","modified_gmt":"2026-04-22T19:36:55","slug":"experimentations","status":"publish","type":"page","link":"https:\/\/toktoklab.fr\/index.php\/experimentations\/","title":{"rendered":"Exp\u00e9rimentations"},"content":{"rendered":"\t\t<div data-elementor-type=\"wp-page\" data-elementor-id=\"918\" class=\"elementor elementor-918\">\n\t\t\t\t<div class=\"elementor-element elementor-element-5c56b6f e-flex e-con-boxed e-con e-parent\" data-id=\"5c56b6f\" data-element_type=\"container\" data-e-type=\"container\">\n\t\t\t\t\t<div class=\"e-con-inner\">\n\t\t\t\t<div class=\"elementor-element elementor-element-724b7da elementor-hidden-tablet elementor-hidden-mobile elementor-widget elementor-widget-spacer\" data-id=\"724b7da\" data-element_type=\"widget\" data-e-type=\"widget\" data-widget_type=\"spacer.default\">\n\t\t\t\t\t\t\t<div class=\"elementor-spacer\">\n\t\t\t<div class=\"elementor-spacer-inner\"><\/div>\n\t\t<\/div>\n\t\t\t\t\t\t<\/div>\n\t\t\t\t<div class=\"elementor-element elementor-element-3e5b73b elementor-widget elementor-widget-heading\" data-id=\"3e5b73b\" data-element_type=\"widget\" data-e-type=\"widget\" data-widget_type=\"heading.default\">\n\t\t\t\t\t<h2 class=\"elementor-heading-title elementor-size-default\">TOK TOK propose ponctuellement des exp\u00e9riences culinaires et artistiques, lors de festivals et de vernissages d'expositions d'arts contemporains.<\/h2>\t\t\t\t<\/div>\n\t\t\t\t<div class=\"elementor-element elementor-element-6be6efc elementor-widget elementor-widget-heading\" data-id=\"6be6efc\" data-element_type=\"widget\" data-e-type=\"widget\" data-widget_type=\"heading.default\">\n\t\t\t\t\t<h3 class=\"elementor-heading-title elementor-size-default\">Retrouvez ici un portfolio de ces id\u00e9es folles !<\/h3>\t\t\t\t<\/div>\n\t\t\t\t<div class=\"elementor-element elementor-element-f4e9c6c elementor-hidden-tablet elementor-hidden-mobile elementor-widget elementor-widget-spacer\" data-id=\"f4e9c6c\" data-element_type=\"widget\" data-e-type=\"widget\" data-widget_type=\"spacer.default\">\n\t\t\t\t\t\t\t<div class=\"elementor-spacer\">\n\t\t\t<div class=\"elementor-spacer-inner\"><\/div>\n\t\t<\/div>\n\t\t\t\t\t\t<\/div>\n\t\t\t\t\t<\/div>\n\t\t\t\t<\/div>\n\t\t<div class=\"elementor-element elementor-element-656c307 e-flex e-con-boxed e-con e-parent\" data-id=\"656c307\" data-element_type=\"container\" data-e-type=\"container\">\n\t\t\t\t\t<div class=\"e-con-inner\">\n\t\t<div class=\"elementor-element elementor-element-bc7378f e-con-full e-flex e-con e-child\" data-id=\"bc7378f\" data-element_type=\"container\" data-e-type=\"container\">\n\t\t\t\t<div class=\"elementor-element elementor-element-923b160 elementor-widget elementor-widget-image\" data-id=\"923b160\" data-element_type=\"widget\" data-e-type=\"widget\" data-widget_type=\"image.default\">\n\t\t\t\t\t\t\t\t\t\t\t\t\t\t\t<img fetchpriority=\"high\" decoding=\"async\" width=\"500\" height=\"500\" src=\"https:\/\/toktoklab.fr\/wp-content\/uploads\/2026\/04\/fomage72.png\" class=\"attachment-large size-large wp-image-1031\" alt=\"\" srcset=\"https:\/\/toktoklab.fr\/wp-content\/uploads\/2026\/04\/fomage72.png 500w, https:\/\/toktoklab.fr\/wp-content\/uploads\/2026\/04\/fomage72-300x300.png 300w, https:\/\/toktoklab.fr\/wp-content\/uploads\/2026\/04\/fomage72-150x150.png 150w, https:\/\/toktoklab.fr\/wp-content\/uploads\/2026\/04\/fomage72-100x100.png 100w\" sizes=\"(max-width: 500px) 100vw, 500px\" \/>\t\t\t\t\t\t\t\t\t\t\t\t\t\t\t<\/div>\n\t\t\t\t<div class=\"elementor-element elementor-element-faa4d0c elementor-widget elementor-widget-text-editor\" data-id=\"faa4d0c\" data-element_type=\"widget\" data-e-type=\"widget\" data-widget_type=\"text-editor.default\">\n\t\t\t\t\t\t\t\t\t<p>Camembert v\u00e9ganes (cajou \/ amandes \/ soja)<\/p>\t\t\t\t\t\t\t\t<\/div>\n\t\t\t\t<\/div>\n\t\t<div class=\"elementor-element elementor-element-96f9f2f e-con-full e-flex e-con e-child\" data-id=\"96f9f2f\" data-element_type=\"container\" data-e-type=\"container\">\n\t\t\t\t<div class=\"elementor-element elementor-element-39edc60 elementor-widget elementor-widget-image\" data-id=\"39edc60\" data-element_type=\"widget\" data-e-type=\"widget\" data-widget_type=\"image.default\">\n\t\t\t\t\t\t\t\t\t\t\t\t\t\t\t<img decoding=\"async\" width=\"500\" height=\"500\" src=\"https:\/\/toktoklab.fr\/wp-content\/uploads\/2026\/04\/tempura72.png\" class=\"attachment-large size-large wp-image-1038\" alt=\"\" srcset=\"https:\/\/toktoklab.fr\/wp-content\/uploads\/2026\/04\/tempura72.png 500w, https:\/\/toktoklab.fr\/wp-content\/uploads\/2026\/04\/tempura72-300x300.png 300w, https:\/\/toktoklab.fr\/wp-content\/uploads\/2026\/04\/tempura72-150x150.png 150w, https:\/\/toktoklab.fr\/wp-content\/uploads\/2026\/04\/tempura72-100x100.png 100w\" sizes=\"(max-width: 500px) 100vw, 500px\" \/>\t\t\t\t\t\t\t\t\t\t\t\t\t\t\t<\/div>\n\t\t\t\t<div class=\"elementor-element elementor-element-cc8fff1 elementor-widget elementor-widget-text-editor\" data-id=\"cc8fff1\" data-element_type=\"widget\" data-e-type=\"widget\" data-widget_type=\"text-editor.default\">\n\t\t\t\t\t\t\t\t\t<p>Tempura de tofu local + caramel au miso TokTok<\/p>\t\t\t\t\t\t\t\t<\/div>\n\t\t\t\t<\/div>\n\t\t<div class=\"elementor-element elementor-element-5150e46 e-con-full e-flex e-con e-child\" data-id=\"5150e46\" data-element_type=\"container\" data-e-type=\"container\">\n\t\t\t\t<div class=\"elementor-element elementor-element-759baf4 elementor-widget elementor-widget-image\" data-id=\"759baf4\" data-element_type=\"widget\" data-e-type=\"widget\" data-widget_type=\"image.default\">\n\t\t\t\t\t\t\t\t\t\t\t\t\t\t\t<img decoding=\"async\" width=\"500\" height=\"500\" src=\"https:\/\/toktoklab.fr\/wp-content\/uploads\/2026\/04\/vegecuterie72.png\" class=\"attachment-large size-large wp-image-1026\" alt=\"\" srcset=\"https:\/\/toktoklab.fr\/wp-content\/uploads\/2026\/04\/vegecuterie72.png 500w, https:\/\/toktoklab.fr\/wp-content\/uploads\/2026\/04\/vegecuterie72-300x300.png 300w, https:\/\/toktoklab.fr\/wp-content\/uploads\/2026\/04\/vegecuterie72-150x150.png 150w, https:\/\/toktoklab.fr\/wp-content\/uploads\/2026\/04\/vegecuterie72-100x100.png 100w\" sizes=\"(max-width: 500px) 100vw, 500px\" \/>\t\t\t\t\t\t\t\t\t\t\t\t\t\t\t<\/div>\n\t\t\t\t<div class=\"elementor-element elementor-element-1bf446e elementor-widget elementor-widget-text-editor\" data-id=\"1bf446e\" data-element_type=\"widget\" data-e-type=\"widget\" data-widget_type=\"text-editor.default\">\n\t\t\t\t\t\t\t\t\t<p>V\u00e9g\u00e9cuterie de l\u00e9gumes racines<\/p>\t\t\t\t\t\t\t\t<\/div>\n\t\t\t\t<\/div>\n\t\t<div class=\"elementor-element elementor-element-3471c07 e-con-full e-flex e-con e-child\" data-id=\"3471c07\" data-element_type=\"container\" data-e-type=\"container\">\n\t\t\t\t<div class=\"elementor-element elementor-element-02d7f74 elementor-widget elementor-widget-image\" data-id=\"02d7f74\" data-element_type=\"widget\" data-e-type=\"widget\" data-widget_type=\"image.default\">\n\t\t\t\t\t\t\t\t\t\t\t\t\t\t\t<img loading=\"lazy\" decoding=\"async\" width=\"500\" height=\"500\" src=\"https:\/\/toktoklab.fr\/wp-content\/uploads\/2026\/04\/bugak72.png\" class=\"attachment-large size-large wp-image-1027\" alt=\"\" srcset=\"https:\/\/toktoklab.fr\/wp-content\/uploads\/2026\/04\/bugak72.png 500w, https:\/\/toktoklab.fr\/wp-content\/uploads\/2026\/04\/bugak72-300x300.png 300w, https:\/\/toktoklab.fr\/wp-content\/uploads\/2026\/04\/bugak72-150x150.png 150w, https:\/\/toktoklab.fr\/wp-content\/uploads\/2026\/04\/bugak72-100x100.png 100w\" sizes=\"(max-width: 500px) 100vw, 500px\" \/>\t\t\t\t\t\t\t\t\t\t\t\t\t\t\t<\/div>\n\t\t\t\t<div class=\"elementor-element elementor-element-af52211 elementor-widget elementor-widget-text-editor\" data-id=\"af52211\" data-element_type=\"widget\" data-e-type=\"widget\" data-widget_type=\"text-editor.default\">\n\t\t\t\t\t\t\t\t\t<p>Chips de feuilles sauvages<\/p>\t\t\t\t\t\t\t\t<\/div>\n\t\t\t\t<\/div>\n\t\t<div class=\"elementor-element elementor-element-15d471b e-con-full e-flex e-con e-child\" data-id=\"15d471b\" data-element_type=\"container\" data-e-type=\"container\">\n\t\t\t\t<div class=\"elementor-element elementor-element-f80f112 elementor-widget elementor-widget-image\" data-id=\"f80f112\" data-element_type=\"widget\" data-e-type=\"widget\" data-widget_type=\"image.default\">\n\t\t\t\t\t\t\t\t\t\t\t\t\t\t\t<img loading=\"lazy\" decoding=\"async\" width=\"500\" height=\"500\" src=\"https:\/\/toktoklab.fr\/wp-content\/uploads\/2026\/04\/Tok_tok-8215.png\" class=\"attachment-large size-large wp-image-1033\" alt=\"\" srcset=\"https:\/\/toktoklab.fr\/wp-content\/uploads\/2026\/04\/Tok_tok-8215.png 500w, https:\/\/toktoklab.fr\/wp-content\/uploads\/2026\/04\/Tok_tok-8215-300x300.png 300w, https:\/\/toktoklab.fr\/wp-content\/uploads\/2026\/04\/Tok_tok-8215-150x150.png 150w, https:\/\/toktoklab.fr\/wp-content\/uploads\/2026\/04\/Tok_tok-8215-100x100.png 100w\" sizes=\"(max-width: 500px) 100vw, 500px\" \/>\t\t\t\t\t\t\t\t\t\t\t\t\t\t\t<\/div>\n\t\t\t\t<div class=\"elementor-element elementor-element-6f0c6be elementor-widget elementor-widget-text-editor\" data-id=\"6f0c6be\" data-element_type=\"widget\" data-e-type=\"widget\" data-widget_type=\"text-editor.default\">\n\t\t\t\t\t\t\t\t\t<p>Amazake \u00e0 l&#8217;omija<\/p>\t\t\t\t\t\t\t\t<\/div>\n\t\t\t\t<\/div>\n\t\t<div class=\"elementor-element elementor-element-1a690b9 e-con-full e-flex e-con e-child\" data-id=\"1a690b9\" data-element_type=\"container\" data-e-type=\"container\">\n\t\t\t\t<div class=\"elementor-element elementor-element-e48cb4e elementor-widget elementor-widget-image\" data-id=\"e48cb4e\" data-element_type=\"widget\" data-e-type=\"widget\" data-widget_type=\"image.default\">\n\t\t\t\t\t\t\t\t\t\t\t\t\t\t\t<img loading=\"lazy\" decoding=\"async\" width=\"492\" height=\"492\" src=\"https:\/\/toktoklab.fr\/wp-content\/uploads\/2026\/04\/yokan72.png\" class=\"attachment-large size-large wp-image-1032\" alt=\"\" srcset=\"https:\/\/toktoklab.fr\/wp-content\/uploads\/2026\/04\/yokan72.png 492w, https:\/\/toktoklab.fr\/wp-content\/uploads\/2026\/04\/yokan72-300x300.png 300w, https:\/\/toktoklab.fr\/wp-content\/uploads\/2026\/04\/yokan72-150x150.png 150w, https:\/\/toktoklab.fr\/wp-content\/uploads\/2026\/04\/yokan72-100x100.png 100w\" sizes=\"(max-width: 492px) 100vw, 492px\" \/>\t\t\t\t\t\t\t\t\t\t\t\t\t\t\t<\/div>\n\t\t\t\t<div class=\"elementor-element elementor-element-5bd7d7a elementor-widget elementor-widget-text-editor\" data-id=\"5bd7d7a\" data-element_type=\"widget\" data-e-type=\"widget\" data-widget_type=\"text-editor.default\">\n\t\t\t\t\t\t\t\t\t<p>Gel\u00e9e japonaise (yokan) au melon et c\u00e9drat<\/p>\t\t\t\t\t\t\t\t<\/div>\n\t\t\t\t<\/div>\n\t\t\t\t\t<\/div>\n\t\t\t\t<\/div>\n\t\t<div class=\"elementor-element elementor-element-9f0735b e-flex e-con-boxed e-con e-parent\" data-id=\"9f0735b\" data-element_type=\"container\" data-e-type=\"container\">\n\t\t\t\t\t<div class=\"e-con-inner\">\n\t\t<div class=\"elementor-element elementor-element-b3270d1 e-con-full e-flex e-con e-child\" data-id=\"b3270d1\" data-element_type=\"container\" data-e-type=\"container\">\n\t\t\t\t<div class=\"elementor-element elementor-element-dbbc1ad elementor-widget elementor-widget-image\" data-id=\"dbbc1ad\" data-element_type=\"widget\" data-e-type=\"widget\" data-widget_type=\"image.default\">\n\t\t\t\t\t\t\t\t\t\t\t\t\t\t\t<img loading=\"lazy\" decoding=\"async\" width=\"500\" height=\"500\" src=\"https:\/\/toktoklab.fr\/wp-content\/uploads\/2026\/04\/buffet72.png\" class=\"attachment-large size-large wp-image-1037\" alt=\"\" srcset=\"https:\/\/toktoklab.fr\/wp-content\/uploads\/2026\/04\/buffet72.png 500w, https:\/\/toktoklab.fr\/wp-content\/uploads\/2026\/04\/buffet72-300x300.png 300w, https:\/\/toktoklab.fr\/wp-content\/uploads\/2026\/04\/buffet72-150x150.png 150w, https:\/\/toktoklab.fr\/wp-content\/uploads\/2026\/04\/buffet72-100x100.png 100w\" sizes=\"(max-width: 500px) 100vw, 500px\" \/>\t\t\t\t\t\t\t\t\t\t\t\t\t\t\t<\/div>\n\t\t\t\t<div class=\"elementor-element elementor-element-e76b3a0 elementor-widget elementor-widget-text-editor\" data-id=\"e76b3a0\" data-element_type=\"widget\" data-e-type=\"widget\" data-widget_type=\"text-editor.default\">\n\t\t\t\t\t\t\t\t\t<p>Buffet fast-food \/ Exposition &#8220;<a href=\"https:\/\/www.bizartrit.com\/fr\/absurdie\/\">ABSURDIE<\/a>&#8220;<\/p>\t\t\t\t\t\t\t\t<\/div>\n\t\t\t\t<\/div>\n\t\t<div class=\"elementor-element elementor-element-df44856 e-con-full e-flex e-con e-child\" data-id=\"df44856\" data-element_type=\"container\" data-e-type=\"container\">\n\t\t\t\t<div class=\"elementor-element elementor-element-c1db872 elementor-widget elementor-widget-image\" data-id=\"c1db872\" data-element_type=\"widget\" data-e-type=\"widget\" data-widget_type=\"image.default\">\n\t\t\t\t\t\t\t\t\t\t\t\t\t\t\t<img loading=\"lazy\" decoding=\"async\" width=\"500\" height=\"500\" src=\"https:\/\/toktoklab.fr\/wp-content\/uploads\/2026\/04\/farciperille72.png\" class=\"attachment-large size-large wp-image-1036\" alt=\"\" srcset=\"https:\/\/toktoklab.fr\/wp-content\/uploads\/2026\/04\/farciperille72.png 500w, https:\/\/toktoklab.fr\/wp-content\/uploads\/2026\/04\/farciperille72-300x300.png 300w, https:\/\/toktoklab.fr\/wp-content\/uploads\/2026\/04\/farciperille72-150x150.png 150w, https:\/\/toktoklab.fr\/wp-content\/uploads\/2026\/04\/farciperille72-100x100.png 100w\" sizes=\"(max-width: 500px) 100vw, 500px\" \/>\t\t\t\t\t\t\t\t\t\t\t\t\t\t\t<\/div>\n\t\t\t\t<div class=\"elementor-element elementor-element-cf7df80 elementor-widget elementor-widget-text-editor\" data-id=\"cf7df80\" data-element_type=\"widget\" data-e-type=\"widget\" data-widget_type=\"text-editor.default\">\n\t\t\t\t\t\t\t\t\t<p>Farcis aux feuilles de p\u00e9rilles ferment\u00e9es<\/p>\t\t\t\t\t\t\t\t<\/div>\n\t\t\t\t<\/div>\n\t\t<div class=\"elementor-element elementor-element-b527b5c e-con-full e-flex e-con e-child\" data-id=\"b527b5c\" data-element_type=\"container\" data-e-type=\"container\">\n\t\t\t\t<div class=\"elementor-element elementor-element-c7043fe elementor-widget elementor-widget-image\" data-id=\"c7043fe\" data-element_type=\"widget\" data-e-type=\"widget\" data-widget_type=\"image.default\">\n\t\t\t\t\t\t\t\t\t\t\t\t\t\t\t<img loading=\"lazy\" decoding=\"async\" width=\"500\" height=\"500\" src=\"https:\/\/toktoklab.fr\/wp-content\/uploads\/2026\/04\/dango72.png\" class=\"attachment-large size-large wp-image-1035\" alt=\"\" srcset=\"https:\/\/toktoklab.fr\/wp-content\/uploads\/2026\/04\/dango72.png 500w, https:\/\/toktoklab.fr\/wp-content\/uploads\/2026\/04\/dango72-300x300.png 300w, https:\/\/toktoklab.fr\/wp-content\/uploads\/2026\/04\/dango72-150x150.png 150w, https:\/\/toktoklab.fr\/wp-content\/uploads\/2026\/04\/dango72-100x100.png 100w\" sizes=\"(max-width: 500px) 100vw, 500px\" \/>\t\t\t\t\t\t\t\t\t\t\t\t\t\t\t<\/div>\n\t\t\t\t<div class=\"elementor-element elementor-element-d47c59d elementor-widget elementor-widget-text-editor\" data-id=\"d47c59d\" data-element_type=\"widget\" data-e-type=\"widget\" data-widget_type=\"text-editor.default\">\n\t\t\t\t\t\t\t\t\t<p>Dango et gastrique au vinaigre d&#8217;abricots<\/p>\t\t\t\t\t\t\t\t<\/div>\n\t\t\t\t<\/div>\n\t\t<div class=\"elementor-element elementor-element-0996def e-con-full e-flex e-con e-child\" data-id=\"0996def\" data-element_type=\"container\" data-e-type=\"container\">\n\t\t\t\t<\/div>\n\t\t<div class=\"elementor-element elementor-element-5ec05e5 e-con-full e-flex e-con e-child\" data-id=\"5ec05e5\" data-element_type=\"container\" data-e-type=\"container\">\n\t\t\t\t<\/div>\n\t\t<div class=\"elementor-element elementor-element-da32cc8 e-con-full e-flex e-con e-child\" data-id=\"da32cc8\" data-element_type=\"container\" data-e-type=\"container\">\n\t\t\t\t<\/div>\n\t\t\t\t\t<\/div>\n\t\t\t\t<\/div>\n\t\t\t\t<\/div>\n\t\t","protected":false},"excerpt":{"rendered":"<p>TOK TOK propose ponctuellement des exp\u00e9riences culinaires et artistiques, lors de festivals et de vernissages d&#8217;expositions d&#8217;arts contemporains. Retrouvez ici [&hellip;]<\/p>\n","protected":false},"author":1,"featured_media":0,"parent":0,"menu_order":0,"comment_status":"closed","ping_status":"closed","template":"","meta":{"site-sidebar-layout":"no-sidebar","site-content-layout":"","ast-site-content-layout":"full-width-container","site-content-style":"default","site-sidebar-style":"default","ast-global-header-display":"","ast-banner-title-visibility":"","ast-main-header-display":"","ast-hfb-above-header-display":"","ast-hfb-below-header-display":"","ast-hfb-mobile-header-display":"","site-post-title":"disabled","ast-breadcrumbs-content":"","ast-featured-img":"disabled","footer-sml-layout":"","ast-disable-related-posts":"","theme-transparent-header-meta":"","adv-header-id-meta":"","stick-header-meta":"","header-above-stick-meta":"","header-main-stick-meta":"","header-below-stick-meta":"","astra-migrate-meta-layouts":"default","ast-page-background-enabled":"default","ast-page-background-meta":{"desktop":{"background-color":"var(--ast-global-color-5)","background-image":"","background-repeat":"repeat","background-position":"center center","background-size":"auto","background-attachment":"scroll","background-type":"","background-media":"","overlay-type":"","overlay-color":"","overlay-opacity":"","overlay-gradient":""},"tablet":{"background-color":"","background-image":"","background-repeat":"repeat","background-position":"center center","background-size":"auto","background-attachment":"scroll","background-type":"","background-media":"","overlay-type":"","overlay-color":"","overlay-opacity":"","overlay-gradient":""},"mobile":{"background-color":"","background-image":"","background-repeat":"repeat","background-position":"center center","background-size":"auto","background-attachment":"scroll","background-type":"","background-media":"","overlay-type":"","overlay-color":"","overlay-opacity":"","overlay-gradient":""}},"ast-content-background-meta":{"desktop":{"background-color":"var(--ast-global-color-4)","background-image":"","background-repeat":"repeat","background-position":"center center","background-size":"auto","background-attachment":"scroll","background-type":"","background-media":"","overlay-type":"","overlay-color":"","overlay-opacity":"","overlay-gradient":""},"tablet":{"background-color":"var(--ast-global-color-4)","background-image":"","background-repeat":"repeat","background-position":"center center","background-size":"auto","background-attachment":"scroll","background-type":"","background-media":"","overlay-type":"","overlay-color":"","overlay-opacity":"","overlay-gradient":""},"mobile":{"background-color":"var(--ast-global-color-4)","background-image":"","background-repeat":"repeat","background-position":"center center","background-size":"auto","background-attachment":"scroll","background-type":"","background-media":"","overlay-type":"","overlay-color":"","overlay-opacity":"","overlay-gradient":""}},"footnotes":""},"class_list":["post-918","page","type-page","status-publish","hentry"],"_links":{"self":[{"href":"https:\/\/toktoklab.fr\/index.php\/wp-json\/wp\/v2\/pages\/918","targetHints":{"allow":["GET"]}}],"collection":[{"href":"https:\/\/toktoklab.fr\/index.php\/wp-json\/wp\/v2\/pages"}],"about":[{"href":"https:\/\/toktoklab.fr\/index.php\/wp-json\/wp\/v2\/types\/page"}],"author":[{"embeddable":true,"href":"https:\/\/toktoklab.fr\/index.php\/wp-json\/wp\/v2\/users\/1"}],"replies":[{"embeddable":true,"href":"https:\/\/toktoklab.fr\/index.php\/wp-json\/wp\/v2\/comments?post=918"}],"version-history":[{"count":31,"href":"https:\/\/toktoklab.fr\/index.php\/wp-json\/wp\/v2\/pages\/918\/revisions"}],"predecessor-version":[{"id":1076,"href":"https:\/\/toktoklab.fr\/index.php\/wp-json\/wp\/v2\/pages\/918\/revisions\/1076"}],"wp:attachment":[{"href":"https:\/\/toktoklab.fr\/index.php\/wp-json\/wp\/v2\/media?parent=918"}],"curies":[{"name":"wp","href":"https:\/\/api.w.org\/{rel}","templated":true}]}}