{"id":25,"date":"2026-03-10T09:26:24","date_gmt":"2026-03-10T09:26:24","guid":{"rendered":"http:\/\/toktoklab.fr\/?page_id=25"},"modified":"2026-04-22T19:40:12","modified_gmt":"2026-04-22T19:40:12","slug":"mentions-legales","status":"publish","type":"page","link":"https:\/\/toktoklab.fr\/index.php\/mentions-legales\/","title":{"rendered":"Mentions l\u00e9gales"},"content":{"rendered":"\t\t<div data-elementor-type=\"wp-page\" data-elementor-id=\"25\" class=\"elementor elementor-25\">\n\t\t\t\t<div class=\"elementor-element elementor-element-008b89e e-flex e-con-boxed e-con e-parent\" data-id=\"008b89e\" data-element_type=\"container\" data-e-type=\"container\">\n\t\t\t\t\t<div class=\"e-con-inner\">\n\t\t\t\t<div class=\"elementor-element elementor-element-ed1daef elementor-widget elementor-widget-spacer\" data-id=\"ed1daef\" data-element_type=\"widget\" data-e-type=\"widget\" data-widget_type=\"spacer.default\">\n\t\t\t\t\t\t\t<div class=\"elementor-spacer\">\n\t\t\t<div class=\"elementor-spacer-inner\"><\/div>\n\t\t<\/div>\n\t\t\t\t\t\t<\/div>\n\t\t\t\t\t<\/div>\n\t\t\t\t<\/div>\n\t\t<div class=\"elementor-element elementor-element-70faba1 e-flex e-con-boxed e-con e-parent\" data-id=\"70faba1\" data-element_type=\"container\" data-e-type=\"container\">\n\t\t\t\t\t<div class=\"e-con-inner\">\n\t\t<div class=\"elementor-element elementor-element-cf13b0e e-con-full e-flex e-con e-child\" data-id=\"cf13b0e\" data-element_type=\"container\" data-e-type=\"container\">\n\t\t\t\t<\/div>\n\t\t<div class=\"elementor-element elementor-element-5569bf9 e-con-full e-flex e-con e-child\" data-id=\"5569bf9\" data-element_type=\"container\" data-e-type=\"container\" data-settings=\"{&quot;background_background&quot;:&quot;classic&quot;}\">\n\t\t\t\t<div class=\"elementor-element elementor-element-924a8e1 elementor-widget elementor-widget-heading\" data-id=\"924a8e1\" data-element_type=\"widget\" data-e-type=\"widget\" data-widget_type=\"heading.default\">\n\t\t\t\t\t<h2 class=\"elementor-heading-title elementor-size-default\">MENTIONS L\u00c9GALES<\/h2>\t\t\t\t<\/div>\n\t\t\t\t<div class=\"elementor-element elementor-element-888a80d elementor-widget elementor-widget-text-editor\" data-id=\"888a80d\" data-element_type=\"widget\" data-e-type=\"widget\" data-widget_type=\"text-editor.default\">\n\t\t\t\t\t\t\t\t\t<h4 class=\"western\"><strong>\u00c9diteur du site<\/strong><\/h4><p>Nom de l&#8217;artisan : Fr\u00e9d\u00e9rique de Rauglaudre<br \/>Statut : Auto-entrepreneur<br \/>Num\u00e9ro SIRET : 98413213400011<br \/>Adresse : 2, impasse des Cabanelles &#8211; 09000 Loubi\u00e8res<br \/>T\u00e9l\u00e9phone : 0675639979<br \/>Email : toktokariege@gmail.com<br \/>Responsable de la publication : Fr\u00e9d\u00e9rique de Rauglaudre<\/p><h4 class=\"western\"><strong>H\u00e9bergement du site<\/strong><\/h4><p>Nom de l&#8217;h\u00e9bergeur : OVH<br \/>Adresse de l&#8217;h\u00e9bergeur : 2 rue Kellermann &#8211; 59100 Roubaix &#8211; France<br \/>T\u00e9l\u00e9phone : 0972101007<br \/>Site web : ovhcloud.com<\/p><h4 class=\"western\"><strong>Propri\u00e9t\u00e9 intellectuelle<\/strong><\/h4><p>L&#8217;ensemble du contenu du site toktoklab.fr (textes, images, illustrations, logos, ic\u00f4nes, vid\u00e9os, etc.) est la propri\u00e9t\u00e9 exclusive de Fr\u00e9d\u00e9rique de Rauglaudre, sauf mention contraire. Toute reproduction, distribution, modification, ou utilisation de ces contenus sans autorisation pr\u00e9alable est interdite.<\/p><h4 class=\"western\"><strong>Protection des donn\u00e9es personnelles<\/strong><\/h4><p>Les informations recueillies via les formulaires pr\u00e9sents sur le site sont destin\u00e9es \u00e0 Fr\u00e9d\u00e9rique de Rauglaudre afin de traiter vos demandes. Conform\u00e9ment \u00e0 la loi \u00ab Informatique et Libert\u00e9s \u00bb et au R\u00e8glement G\u00e9n\u00e9ral sur la Protection des Donn\u00e9es (RGPD), vous disposez d&#8217;un droit d&#8217;acc\u00e8s, de rectification et de suppression de vos donn\u00e9es.<br \/>Pour exercer ces droits, veuillez envoyer une demande \u00e0 : toktokariege@gmail.com<\/p><h4 class=\"western\"><strong>Cookies<\/strong><\/h4><p>Le site utilise des cookies afin d&#8217;am\u00e9liorer votre exp\u00e9rience utilisateur. Vous pouvez configurer votre navigateur pour refuser les cookies.<\/p><h4 class=\"western\"><strong>Responsabilit\u00e9<\/strong><\/h4><p>Fr\u00e9d\u00e9rique de Rauglaudre\u00a0met tout en \u0153uvre pour assurer l&#8217;exactitude des informations diffus\u00e9es sur son site, mais d\u00e9cline toute responsabilit\u00e9 en cas d&#8217;erreur, d&#8217;inexactitude, ou d&#8217;omission.<\/p><h4 class=\"western\"><strong>Droit applicable<\/strong><\/h4><p>Les pr\u00e9sentes mentions l\u00e9gales sont soumises au droit fran\u00e7ais.<\/p>\t\t\t\t\t\t\t\t<\/div>\n\t\t\t\t<\/div>\n\t\t<div class=\"elementor-element elementor-element-aa2bf7c e-con-full e-flex e-con e-child\" data-id=\"aa2bf7c\" data-element_type=\"container\" data-e-type=\"container\">\n\t\t\t\t<\/div>\n\t\t\t\t\t<\/div>\n\t\t\t\t<\/div>\n\t\t\t\t<\/div>\n\t\t","protected":false},"excerpt":{"rendered":"<p>MENTIONS L\u00c9GALES \u00c9diteur du site Nom de l&#8217;artisan : Fr\u00e9d\u00e9rique de RauglaudreStatut : Auto-entrepreneurNum\u00e9ro SIRET : 98413213400011Adresse : 2, impasse [&hellip;]<\/p>\n","protected":false},"author":1,"featured_media":0,"parent":0,"menu_order":0,"comment_status":"closed","ping_status":"closed","template":"","meta":{"site-sidebar-layout":"no-sidebar","site-content-layout":"","ast-site-content-layout":"full-width-container","site-content-style":"default","site-sidebar-style":"default","ast-global-header-display":"","ast-banner-title-visibility":"","ast-main-header-display":"","ast-hfb-above-header-display":"","ast-hfb-below-header-display":"","ast-hfb-mobile-header-display":"","site-post-title":"disabled","ast-breadcrumbs-content":"","ast-featured-img":"disabled","footer-sml-layout":"","ast-disable-related-posts":"","theme-transparent-header-meta":"","adv-header-id-meta":"","stick-header-meta":"","header-above-stick-meta":"","header-main-stick-meta":"","header-below-stick-meta":"","astra-migrate-meta-layouts":"default","ast-page-background-enabled":"default","ast-page-background-meta":{"desktop":{"background-color":"var(--ast-global-color-5)","background-image":"","background-repeat":"repeat","background-position":"center center","background-size":"auto","background-attachment":"scroll","background-type":"","background-media":"","overlay-type":"","overlay-color":"","overlay-opacity":"","overlay-gradient":""},"tablet":{"background-color":"","background-image":"","background-repeat":"repeat","background-position":"center center","background-size":"auto","background-attachment":"scroll","background-type":"","background-media":"","overlay-type":"","overlay-color":"","overlay-opacity":"","overlay-gradient":""},"mobile":{"background-color":"","background-image":"","background-repeat":"repeat","background-position":"center center","background-size":"auto","background-attachment":"scroll","background-type":"","background-media":"","overlay-type":"","overlay-color":"","overlay-opacity":"","overlay-gradient":""}},"ast-content-background-meta":{"desktop":{"background-color":"var(--ast-global-color-4)","background-image":"","background-repeat":"repeat","background-position":"center center","background-size":"auto","background-attachment":"scroll","background-type":"","background-media":"","overlay-type":"","overlay-color":"","overlay-opacity":"","overlay-gradient":""},"tablet":{"background-color":"var(--ast-global-color-4)","background-image":"","background-repeat":"repeat","background-position":"center center","background-size":"auto","background-attachment":"scroll","background-type":"","background-media":"","overlay-type":"","overlay-color":"","overlay-opacity":"","overlay-gradient":""},"mobile":{"background-color":"var(--ast-global-color-4)","background-image":"","background-repeat":"repeat","background-position":"center center","background-size":"auto","background-attachment":"scroll","background-type":"","background-media":"","overlay-type":"","overlay-color":"","overlay-opacity":"","overlay-gradient":""}},"footnotes":""},"class_list":["post-25","page","type-page","status-publish","hentry"],"_links":{"self":[{"href":"https:\/\/toktoklab.fr\/index.php\/wp-json\/wp\/v2\/pages\/25","targetHints":{"allow":["GET"]}}],"collection":[{"href":"https:\/\/toktoklab.fr\/index.php\/wp-json\/wp\/v2\/pages"}],"about":[{"href":"https:\/\/toktoklab.fr\/index.php\/wp-json\/wp\/v2\/types\/page"}],"author":[{"embeddable":true,"href":"https:\/\/toktoklab.fr\/index.php\/wp-json\/wp\/v2\/users\/1"}],"replies":[{"embeddable":true,"href":"https:\/\/toktoklab.fr\/index.php\/wp-json\/wp\/v2\/comments?post=25"}],"version-history":[{"count":17,"href":"https:\/\/toktoklab.fr\/index.php\/wp-json\/wp\/v2\/pages\/25\/revisions"}],"predecessor-version":[{"id":1090,"href":"https:\/\/toktoklab.fr\/index.php\/wp-json\/wp\/v2\/pages\/25\/revisions\/1090"}],"wp:attachment":[{"href":"https:\/\/toktoklab.fr\/index.php\/wp-json\/wp\/v2\/media?parent=25"}],"curies":[{"name":"wp","href":"https:\/\/api.w.org\/{rel}","templated":true}]}}