{"id":19,"date":"2026-03-10T09:24:12","date_gmt":"2026-03-10T09:24:12","guid":{"rendered":"http:\/\/toktoklab.fr\/?page_id=19"},"modified":"2026-04-22T19:40:27","modified_gmt":"2026-04-22T19:40:27","slug":"points-de-vente","status":"publish","type":"page","link":"https:\/\/toktoklab.fr\/index.php\/points-de-vente\/","title":{"rendered":"Points de vente"},"content":{"rendered":"\t\t<div data-elementor-type=\"wp-page\" data-elementor-id=\"19\" class=\"elementor elementor-19\">\n\t\t\t\t<div class=\"elementor-element elementor-element-0208d24 e-flex e-con-boxed e-con e-parent\" data-id=\"0208d24\" data-element_type=\"container\" data-e-type=\"container\">\n\t\t\t\t\t<div class=\"e-con-inner\">\n\t\t\t\t<div class=\"elementor-element elementor-element-cdcec5d elementor-hidden-tablet elementor-hidden-mobile elementor-widget elementor-widget-spacer\" data-id=\"cdcec5d\" data-element_type=\"widget\" data-e-type=\"widget\" data-widget_type=\"spacer.default\">\n\t\t\t\t\t\t\t<div class=\"elementor-spacer\">\n\t\t\t<div class=\"elementor-spacer-inner\"><\/div>\n\t\t<\/div>\n\t\t\t\t\t\t<\/div>\n\t\t\t\t<div class=\"elementor-element elementor-element-1d7d055 elementor-widget elementor-widget-heading\" data-id=\"1d7d055\" data-element_type=\"widget\" data-e-type=\"widget\" data-widget_type=\"heading.default\">\n\t\t\t\t\t<h2 class=\"elementor-heading-title elementor-size-default\">O\u00f9 se procurer les produits TOK TOK ?<\/h2>\t\t\t\t<\/div>\n\t\t\t\t\t<\/div>\n\t\t\t\t<\/div>\n\t\t<div class=\"elementor-element elementor-element-46c24e6 e-flex e-con-boxed e-con e-parent\" data-id=\"46c24e6\" data-element_type=\"container\" data-e-type=\"container\">\n\t\t\t\t\t<div class=\"e-con-inner\">\n\t\t<div class=\"elementor-element elementor-element-f36ea57 e-con-full e-flex e-con e-child\" data-id=\"f36ea57\" data-element_type=\"container\" data-e-type=\"container\">\n\t\t\t\t<div class=\"elementor-element elementor-element-d9ee651 elementor-widget elementor-widget-text-editor\" data-id=\"d9ee651\" data-element_type=\"widget\" data-e-type=\"widget\" data-widget_type=\"text-editor.default\">\n\t\t\t\t\t\t\t\t\t<p>Les produits TOKTOK sont disponibles \u00e0 la vente en Ari\u00e8ge, dans des \u00e9piceries et locaux associatifs list\u00e9s ci-dessous.<\/p><p>Vous souhaitez proposer les produits TOKTOK dans votre \u00e9picerie ?\u00a0<\/p>\t\t\t\t\t\t\t\t<\/div>\n\t\t\t\t<div class=\"elementor-element elementor-element-94b056f elementor-align-center elementor-widget elementor-widget-button\" data-id=\"94b056f\" data-element_type=\"widget\" data-e-type=\"widget\" data-widget_type=\"button.default\">\n\t\t\t\t\t\t\t\t\t\t<a class=\"elementor-button elementor-button-link elementor-size-sm\" href=\"https:\/\/toktoklab.fr\/index.php\/contact\/\">\n\t\t\t\t\t\t<span class=\"elementor-button-content-wrapper\">\n\t\t\t\t\t\t\t\t\t<span class=\"elementor-button-text\">Contactez-moi !<\/span>\n\t\t\t\t\t<\/span>\n\t\t\t\t\t<\/a>\n\t\t\t\t\t\t\t\t<\/div>\n\t\t\t\t<\/div>\n\t\t<div class=\"elementor-element elementor-element-5ce5cf5 e-con-full e-flex e-con e-child\" data-id=\"5ce5cf5\" data-element_type=\"container\" data-e-type=\"container\">\n\t\t\t\t<div class=\"elementor-element elementor-element-055c4d9 elementor-widget__width-initial elementor-widget elementor-widget-text-editor\" data-id=\"055c4d9\" data-element_type=\"widget\" data-e-type=\"widget\" data-widget_type=\"text-editor.default\">\n\t\t\t\t\t\t\t\t\t<p>Vous n&#8217;avez pas la possibilit\u00e9 de vous d\u00e9placer en boutique ? Vous pouvez commander les produits en ligne. (bient\u00f4t disponible !)<\/p>\t\t\t\t\t\t\t\t<\/div>\n\t\t\t\t<div class=\"elementor-element elementor-element-44d8839 elementor-hidden-tablet elementor-hidden-mobile elementor-widget elementor-widget-spacer\" data-id=\"44d8839\" data-element_type=\"widget\" data-e-type=\"widget\" data-widget_type=\"spacer.default\">\n\t\t\t\t\t\t\t<div class=\"elementor-spacer\">\n\t\t\t<div class=\"elementor-spacer-inner\"><\/div>\n\t\t<\/div>\n\t\t\t\t\t\t<\/div>\n\t\t\t\t<div class=\"elementor-element elementor-element-3a8b0d0 elementor-align-center elementor-widget elementor-widget-button\" data-id=\"3a8b0d0\" data-element_type=\"widget\" data-e-type=\"widget\" data-widget_type=\"button.default\">\n\t\t\t\t\t\t\t\t\t\t<a class=\"elementor-button elementor-button-link elementor-size-sm\" href=\"https:\/\/toktoklab.fr\/index.php\/product-category\/miso\/\">\n\t\t\t\t\t\t<span class=\"elementor-button-content-wrapper\">\n\t\t\t\t\t\t\t\t\t<span class=\"elementor-button-text\">Boutique en ligne<\/span>\n\t\t\t\t\t<\/span>\n\t\t\t\t\t<\/a>\n\t\t\t\t\t\t\t\t<\/div>\n\t\t\t\t<\/div>\n\t\t\t\t\t<\/div>\n\t\t\t\t<\/div>\n\t\t<div class=\"elementor-element elementor-element-4cd2e14 e-flex e-con-boxed e-con e-parent\" data-id=\"4cd2e14\" data-element_type=\"container\" data-e-type=\"container\">\n\t\t\t\t\t<div class=\"e-con-inner\">\n\t\t\t\t<div class=\"elementor-element elementor-element-ee60153 elementor-hidden-tablet elementor-hidden-mobile elementor-widget elementor-widget-spacer\" data-id=\"ee60153\" data-element_type=\"widget\" data-e-type=\"widget\" data-widget_type=\"spacer.default\">\n\t\t\t\t\t\t\t<div class=\"elementor-spacer\">\n\t\t\t<div class=\"elementor-spacer-inner\"><\/div>\n\t\t<\/div>\n\t\t\t\t\t\t<\/div>\n\t\t\t\t\t<\/div>\n\t\t\t\t<\/div>\n\t\t<div class=\"elementor-element elementor-element-8de25cd e-flex e-con-boxed e-con e-parent\" data-id=\"8de25cd\" data-element_type=\"container\" data-e-type=\"container\">\n\t\t\t\t\t<div class=\"e-con-inner\">\n\t\t<div class=\"elementor-element elementor-element-3b10b3e e-con-full e-flex e-con e-child\" data-id=\"3b10b3e\" data-element_type=\"container\" data-e-type=\"container\">\n\t\t\t\t<div class=\"elementor-element elementor-element-3bd5e81 elementor-widget elementor-widget-image\" data-id=\"3bd5e81\" data-element_type=\"widget\" data-e-type=\"widget\" data-widget_type=\"image.default\">\n\t\t\t\t\t\t\t\t\t\t\t\t\t\t\t<img fetchpriority=\"high\" decoding=\"async\" width=\"1024\" height=\"951\" src=\"https:\/\/toktoklab.fr\/wp-content\/uploads\/2026\/03\/bizartrit-1024x951.png\" class=\"attachment-large size-large wp-image-155\" alt=\"\" srcset=\"https:\/\/toktoklab.fr\/wp-content\/uploads\/2026\/03\/bizartrit-1024x951.png 1024w, https:\/\/toktoklab.fr\/wp-content\/uploads\/2026\/03\/bizartrit-300x279.png 300w, https:\/\/toktoklab.fr\/wp-content\/uploads\/2026\/03\/bizartrit-768x713.png 768w, https:\/\/toktoklab.fr\/wp-content\/uploads\/2026\/03\/bizartrit-1536x1426.png 1536w, https:\/\/toktoklab.fr\/wp-content\/uploads\/2026\/03\/bizartrit-600x557.png 600w, https:\/\/toktoklab.fr\/wp-content\/uploads\/2026\/03\/bizartrit.png 2019w\" sizes=\"(max-width: 1024px) 100vw, 1024px\" \/>\t\t\t\t\t\t\t\t\t\t\t\t\t\t\t<\/div>\n\t\t\t\t<div class=\"elementor-element elementor-element-8613c15 elementor-widget elementor-widget-heading\" data-id=\"8613c15\" data-element_type=\"widget\" data-e-type=\"widget\" data-widget_type=\"heading.default\">\n\t\t\t\t\t<h4 class=\"elementor-heading-title elementor-size-default\"><a href=\"https:\/\/www.bizartrit.com\/\">La Biz'ART'Rit<\/a><\/h4>\t\t\t\t<\/div>\n\t\t\t\t<div class=\"elementor-element elementor-element-837a0dc elementor-widget elementor-widget-text-editor\" data-id=\"837a0dc\" data-element_type=\"widget\" data-e-type=\"widget\" data-widget_type=\"text-editor.default\">\n\t\t\t\t\t\t\t\t\t<p><a href=\"https:\/\/maps.app.goo.gl\/KnYjrFeuegmA53Fa6\">4, rue Pyr\u00e8ne &#8211; 09000 FOIX<\/a><\/p>\t\t\t\t\t\t\t\t<\/div>\n\t\t\t\t<div class=\"elementor-element elementor-element-7228971 elementor-widget__width-initial elementor-widget elementor-widget-text-editor\" data-id=\"7228971\" data-element_type=\"widget\" data-e-type=\"widget\" data-widget_type=\"text-editor.default\">\n\t\t\t\t\t\t\t\t\t<p>Retrouvez-moi les vendredis matin<br \/>8h &gt; 13h<\/p>\t\t\t\t\t\t\t\t<\/div>\n\t\t\t\t<\/div>\n\t\t<div class=\"elementor-element elementor-element-1e9169f e-con-full e-flex e-con e-child\" data-id=\"1e9169f\" data-element_type=\"container\" data-e-type=\"container\">\n\t\t\t\t<div class=\"elementor-element elementor-element-99db0cb elementor-widget elementor-widget-image\" data-id=\"99db0cb\" data-element_type=\"widget\" data-e-type=\"widget\" data-widget_type=\"image.default\">\n\t\t\t\t\t\t\t\t\t\t\t\t\t\t\t<img decoding=\"async\" width=\"264\" height=\"265\" src=\"https:\/\/toktoklab.fr\/wp-content\/uploads\/2026\/04\/biocoop.png\" class=\"attachment-large size-large wp-image-998\" alt=\"\" srcset=\"https:\/\/toktoklab.fr\/wp-content\/uploads\/2026\/04\/biocoop.png 264w, https:\/\/toktoklab.fr\/wp-content\/uploads\/2026\/04\/biocoop-150x150.png 150w, https:\/\/toktoklab.fr\/wp-content\/uploads\/2026\/04\/biocoop-100x100.png 100w\" sizes=\"(max-width: 264px) 100vw, 264px\" \/>\t\t\t\t\t\t\t\t\t\t\t\t\t\t\t<\/div>\n\t\t\t\t<div class=\"elementor-element elementor-element-202fe25 elementor-widget elementor-widget-heading\" data-id=\"202fe25\" data-element_type=\"widget\" data-e-type=\"widget\" data-widget_type=\"heading.default\">\n\t\t\t\t\t<h4 class=\"elementor-heading-title elementor-size-default\"><a href=\"https:\/\/www.biocoop.fr\/occitanie\/ariege\/FOIX\/BIOCOOP-LE-COING-BIO\">BIOCOOP - Le Coing Bio<\/a><\/h4>\t\t\t\t<\/div>\n\t\t\t\t<div class=\"elementor-element elementor-element-de3d77b elementor-widget elementor-widget-text-editor\" data-id=\"de3d77b\" data-element_type=\"widget\" data-e-type=\"widget\" data-widget_type=\"text-editor.default\">\n\t\t\t\t\t\t\t\t\t<p><a tabindex=\"0\" href=\"https:\/\/www.google.com\/maps\/place\/\/data=!4m2!3m1!1s0x12af10d8279f7257:0xc92e14cdbfe3c381?sa=X&amp;ved=1t:8290&amp;ictx=111\" data-url=\"\/maps\/place\/\/data=!4m2!3m1!1s0x12af10d8279f7257:0xc92e14cdbfe3c381?sa=X&amp;ved=2ahUKEwjCit_lhYKUAxXUhf0HHW1eLSwQ4kB6BAgHEAA\" data-sb=\"\/url?sa=t&amp;source=web&amp;rct=j&amp;opi=89978449&amp;url=\/maps\/place\/\/data%3D!4m2!3m1!1s0x12af10d8279f7257:0xc92e14cdbfe3c381%3Fsa%3DX%26ved%3D1t:8290%26ictx%3D111&amp;ved=2ahUKEwjCit_lhYKUAxXUhf0HHW1eLSwQ4kB6BAghEAM&amp;usg=AOvVaw3pw64_bZc0xbELH0Hl1-8E\">4 Av. du G\u00e9n\u00e9ral Leclerc &#8211; 09000 Foix<\/a><\/p>\t\t\t\t\t\t\t\t<\/div>\n\t\t\t\t<\/div>\n\t\t<div class=\"elementor-element elementor-element-155a4bc e-con-full e-flex e-con e-child\" data-id=\"155a4bc\" data-element_type=\"container\" data-e-type=\"container\">\n\t\t\t\t<div class=\"elementor-element elementor-element-77a875b elementor-widget elementor-widget-image\" data-id=\"77a875b\" data-element_type=\"widget\" data-e-type=\"widget\" data-widget_type=\"image.default\">\n\t\t\t\t\t\t\t\t\t\t\t\t\t\t\t<img decoding=\"async\" width=\"264\" height=\"265\" src=\"https:\/\/toktoklab.fr\/wp-content\/uploads\/2026\/04\/biocoop.png\" class=\"attachment-large size-large wp-image-998\" alt=\"\" srcset=\"https:\/\/toktoklab.fr\/wp-content\/uploads\/2026\/04\/biocoop.png 264w, https:\/\/toktoklab.fr\/wp-content\/uploads\/2026\/04\/biocoop-150x150.png 150w, https:\/\/toktoklab.fr\/wp-content\/uploads\/2026\/04\/biocoop-100x100.png 100w\" sizes=\"(max-width: 264px) 100vw, 264px\" \/>\t\t\t\t\t\t\t\t\t\t\t\t\t\t\t<\/div>\n\t\t\t\t<div class=\"elementor-element elementor-element-8cd1373 elementor-widget elementor-widget-heading\" data-id=\"8cd1373\" data-element_type=\"widget\" data-e-type=\"widget\" data-widget_type=\"heading.default\">\n\t\t\t\t\t<h4 class=\"elementor-heading-title elementor-size-default\"><a href=\"https:\/\/www.biocooplesmyrtilles.com\/?utm_source=google&#038;utm_medium=Business-Profile&#038;utm_campaign=Site-Web\">BIOCOOP - Les Myrtilles<\/a><\/h4>\t\t\t\t<\/div>\n\t\t\t\t<div class=\"elementor-element elementor-element-6ae88f3 elementor-widget elementor-widget-text-editor\" data-id=\"6ae88f3\" data-element_type=\"widget\" data-e-type=\"widget\" data-widget_type=\"text-editor.default\">\n\t\t\t\t\t\t\t\t\t<p><a tabindex=\"0\" href=\"https:\/\/www.google.com\/maps\/place\/\/data=!4m2!3m1!1s0x12af1c5d1f074dc7:0xe9903865deba62c5?sa=X&amp;ved=1t:8290&amp;ictx=111\" data-url=\"\/maps\/place\/\/data=!4m2!3m1!1s0x12af1c5d1f074dc7:0xe9903865deba62c5?sa=X&amp;ved=2ahUKEwi3ubOchoKUAxV7_rsIHfaINLgQ4kB6BAgLEAA\" data-sb=\"\/url?sa=t&amp;source=web&amp;rct=j&amp;opi=89978449&amp;url=\/maps\/place\/\/data%3D!4m2!3m1!1s0x12af1c5d1f074dc7:0xe9903865deba62c5%3Fsa%3DX%26ved%3D1t:8290%26ictx%3D111&amp;ved=2ahUKEwi3ubOchoKUAxV7_rsIHfaINLgQ4kB6BAgmEAM&amp;usg=AOvVaw10qtCMlYbvG18RCJkAQ5XL\">Village-Auto, 1 Rue Andr\u00e9 Citro\u00ebn &#8211; 09100 Pamiers<\/a><\/p>\t\t\t\t\t\t\t\t<\/div>\n\t\t\t\t<\/div>\n\t\t\t\t\t<\/div>\n\t\t\t\t<\/div>\n\t\t<div class=\"elementor-element elementor-element-6e2a549 e-flex e-con-boxed e-con e-parent\" data-id=\"6e2a549\" data-element_type=\"container\" data-e-type=\"container\">\n\t\t\t\t\t<div class=\"e-con-inner\">\n\t\t<div class=\"elementor-element elementor-element-48b3a47 e-con-full e-flex e-con e-child\" data-id=\"48b3a47\" data-element_type=\"container\" data-e-type=\"container\">\n\t\t\t\t<\/div>\n\t\t<div class=\"elementor-element elementor-element-7a51a67 e-con-full e-flex e-con e-child\" data-id=\"7a51a67\" data-element_type=\"container\" data-e-type=\"container\">\n\t\t\t\t<div class=\"elementor-element elementor-element-e7eaea2 elementor-widget elementor-widget-image\" data-id=\"e7eaea2\" data-element_type=\"widget\" data-e-type=\"widget\" data-widget_type=\"image.default\">\n\t\t\t\t\t\t\t\t\t\t\t\t\t\t\t<img decoding=\"async\" width=\"623\" height=\"624\" src=\"https:\/\/toktoklab.fr\/wp-content\/uploads\/2026\/03\/BIOMAEL.png\" class=\"attachment-large size-large wp-image-156\" alt=\"\" srcset=\"https:\/\/toktoklab.fr\/wp-content\/uploads\/2026\/03\/BIOMAEL.png 623w, https:\/\/toktoklab.fr\/wp-content\/uploads\/2026\/03\/BIOMAEL-300x300.png 300w, https:\/\/toktoklab.fr\/wp-content\/uploads\/2026\/03\/BIOMAEL-150x150.png 150w, https:\/\/toktoklab.fr\/wp-content\/uploads\/2026\/03\/BIOMAEL-600x601.png 600w, https:\/\/toktoklab.fr\/wp-content\/uploads\/2026\/03\/BIOMAEL-100x100.png 100w\" sizes=\"(max-width: 623px) 100vw, 623px\" \/>\t\t\t\t\t\t\t\t\t\t\t\t\t\t\t<\/div>\n\t\t\t\t<div class=\"elementor-element elementor-element-88025cc elementor-widget elementor-widget-heading\" data-id=\"88025cc\" data-element_type=\"widget\" data-e-type=\"widget\" data-widget_type=\"heading.default\">\n\t\t\t\t\t<h4 class=\"elementor-heading-title elementor-size-default\"><a href=\"https:\/\/magasins.biomonde.fr\/occitanie\/ariege\/mirepoix\/biomonde-la-verte-doc-mirepoix-65\">Biomonde - La Verte d'Oc<\/a><\/h4>\t\t\t\t<\/div>\n\t\t\t\t<div class=\"elementor-element elementor-element-8e19eab elementor-widget elementor-widget-text-editor\" data-id=\"8e19eab\" data-element_type=\"widget\" data-e-type=\"widget\" data-widget_type=\"text-editor.default\">\n\t\t\t\t\t\t\t\t\t<p><a href=\"https:\/\/magasins.biomonde.fr\/occitanie\/ariege\/mirepoix\/biomonde-la-verte-doc-mirepoix-65\">1 Cours du Docteur Chabaud &#8211; 09500 Mirepoix\u00a0<\/a><\/p>\t\t\t\t\t\t\t\t<\/div>\n\t\t\t\t<\/div>\n\t\t<div class=\"elementor-element elementor-element-7e01e3b e-con-full e-flex e-con e-child\" data-id=\"7e01e3b\" data-element_type=\"container\" data-e-type=\"container\">\n\t\t\t\t<div class=\"elementor-element elementor-element-8d1324c elementor-widget elementor-widget-image\" data-id=\"8d1324c\" data-element_type=\"widget\" data-e-type=\"widget\" data-widget_type=\"image.default\">\n\t\t\t\t\t\t\t\t\t\t\t\t\t\t\t<img loading=\"lazy\" decoding=\"async\" width=\"1024\" height=\"1024\" src=\"https:\/\/toktoklab.fr\/wp-content\/uploads\/2026\/03\/ecoleprimeur-1-1024x1024.png\" class=\"attachment-large size-large wp-image-158\" alt=\"\" srcset=\"https:\/\/toktoklab.fr\/wp-content\/uploads\/2026\/03\/ecoleprimeur-1-1024x1024.png 1024w, https:\/\/toktoklab.fr\/wp-content\/uploads\/2026\/03\/ecoleprimeur-1-300x300.png 300w, https:\/\/toktoklab.fr\/wp-content\/uploads\/2026\/03\/ecoleprimeur-1-150x150.png 150w, https:\/\/toktoklab.fr\/wp-content\/uploads\/2026\/03\/ecoleprimeur-1-768x769.png 768w, https:\/\/toktoklab.fr\/wp-content\/uploads\/2026\/03\/ecoleprimeur-1-600x600.png 600w, https:\/\/toktoklab.fr\/wp-content\/uploads\/2026\/03\/ecoleprimeur-1-100x100.png 100w, https:\/\/toktoklab.fr\/wp-content\/uploads\/2026\/03\/ecoleprimeur-1.png 1324w\" sizes=\"(max-width: 1024px) 100vw, 1024px\" \/>\t\t\t\t\t\t\t\t\t\t\t\t\t\t\t<\/div>\n\t\t\t\t<div class=\"elementor-element elementor-element-2c4b4b0 elementor-widget elementor-widget-heading\" data-id=\"2c4b4b0\" data-element_type=\"widget\" data-e-type=\"widget\" data-widget_type=\"heading.default\">\n\t\t\t\t\t<h4 class=\"elementor-heading-title elementor-size-default\"><a href=\"https:\/\/www.instagram.com\/l_ecole_primeur_epicerie\/\">L'\u00c9cole Primeur<\/a><\/h4>\t\t\t\t<\/div>\n\t\t\t\t<div class=\"elementor-element elementor-element-11b6744 elementor-widget elementor-widget-text-editor\" data-id=\"11b6744\" data-element_type=\"widget\" data-e-type=\"widget\" data-widget_type=\"text-editor.default\">\n\t\t\t\t\t\t\t\t\t<p><a href=\"https:\/\/l.instagram.com\/?u=https%3A%2F%2Fmaps.app.goo.gl%2FeYPhQNptc5G45SQU7%3Fg_st%3Dic&amp;e=AT2uTsPmuL3DLqWrvUaS5ADD1Rf8O_0sZzPskKdxSySO9SMpumt0wreTXebqradYZG-R0RRiIQh_kZycI7Yjya4UhGHIj6NPwPMLvK0bVxQyhvC5yfjWnFc\">Ancienne \u00e9cole &#8211; 09300 NALZEN<\/a><\/p>\t\t\t\t\t\t\t\t<\/div>\n\t\t\t\t<\/div>\n\t\t\t\t\t<\/div>\n\t\t\t\t<\/div>\n\t\t<div class=\"elementor-element elementor-element-1a95ec3 e-flex e-con-boxed e-con e-parent\" data-id=\"1a95ec3\" data-element_type=\"container\" data-e-type=\"container\">\n\t\t\t\t\t<div class=\"e-con-inner\">\n\t\t\t\t<div class=\"elementor-element elementor-element-7e85638 elementor-hidden-tablet elementor-hidden-mobile elementor-widget elementor-widget-spacer\" data-id=\"7e85638\" data-element_type=\"widget\" data-e-type=\"widget\" data-widget_type=\"spacer.default\">\n\t\t\t\t\t\t\t<div class=\"elementor-spacer\">\n\t\t\t<div class=\"elementor-spacer-inner\"><\/div>\n\t\t<\/div>\n\t\t\t\t\t\t<\/div>\n\t\t\t\t\t<\/div>\n\t\t\t\t<\/div>\n\t\t\t\t<\/div>\n\t\t","protected":false},"excerpt":{"rendered":"<p>O\u00f9 se procurer les produits TOK TOK ? Les produits TOKTOK sont disponibles \u00e0 la vente en Ari\u00e8ge, dans des [&hellip;]<\/p>\n","protected":false},"author":1,"featured_media":0,"parent":0,"menu_order":0,"comment_status":"closed","ping_status":"closed","template":"","meta":{"site-sidebar-layout":"no-sidebar","site-content-layout":"","ast-site-content-layout":"full-width-container","site-content-style":"default","site-sidebar-style":"default","ast-global-header-display":"","ast-banner-title-visibility":"","ast-main-header-display":"","ast-hfb-above-header-display":"","ast-hfb-below-header-display":"","ast-hfb-mobile-header-display":"","site-post-title":"disabled","ast-breadcrumbs-content":"","ast-featured-img":"disabled","footer-sml-layout":"","ast-disable-related-posts":"","theme-transparent-header-meta":"","adv-header-id-meta":"","stick-header-meta":"","header-above-stick-meta":"","header-main-stick-meta":"","header-below-stick-meta":"","astra-migrate-meta-layouts":"default","ast-page-background-enabled":"default","ast-page-background-meta":{"desktop":{"background-color":"var(--ast-global-color-5)","background-image":"","background-repeat":"repeat","background-position":"center center","background-size":"auto","background-attachment":"scroll","background-type":"","background-media":"","overlay-type":"","overlay-color":"","overlay-opacity":"","overlay-gradient":""},"tablet":{"background-color":"","background-image":"","background-repeat":"repeat","background-position":"center center","background-size":"auto","background-attachment":"scroll","background-type":"","background-media":"","overlay-type":"","overlay-color":"","overlay-opacity":"","overlay-gradient":""},"mobile":{"background-color":"","background-image":"","background-repeat":"repeat","background-position":"center center","background-size":"auto","background-attachment":"scroll","background-type":"","background-media":"","overlay-type":"","overlay-color":"","overlay-opacity":"","overlay-gradient":""}},"ast-content-background-meta":{"desktop":{"background-color":"var(--ast-global-color-4)","background-image":"","background-repeat":"repeat","background-position":"center center","background-size":"auto","background-attachment":"scroll","background-type":"","background-media":"","overlay-type":"","overlay-color":"","overlay-opacity":"","overlay-gradient":""},"tablet":{"background-color":"var(--ast-global-color-4)","background-image":"","background-repeat":"repeat","background-position":"center center","background-size":"auto","background-attachment":"scroll","background-type":"","background-media":"","overlay-type":"","overlay-color":"","overlay-opacity":"","overlay-gradient":""},"mobile":{"background-color":"var(--ast-global-color-4)","background-image":"","background-repeat":"repeat","background-position":"center center","background-size":"auto","background-attachment":"scroll","background-type":"","background-media":"","overlay-type":"","overlay-color":"","overlay-opacity":"","overlay-gradient":""}},"footnotes":""},"class_list":["post-19","page","type-page","status-publish","hentry"],"_links":{"self":[{"href":"https:\/\/toktoklab.fr\/index.php\/wp-json\/wp\/v2\/pages\/19","targetHints":{"allow":["GET"]}}],"collection":[{"href":"https:\/\/toktoklab.fr\/index.php\/wp-json\/wp\/v2\/pages"}],"about":[{"href":"https:\/\/toktoklab.fr\/index.php\/wp-json\/wp\/v2\/types\/page"}],"author":[{"embeddable":true,"href":"https:\/\/toktoklab.fr\/index.php\/wp-json\/wp\/v2\/users\/1"}],"replies":[{"embeddable":true,"href":"https:\/\/toktoklab.fr\/index.php\/wp-json\/wp\/v2\/comments?post=19"}],"version-history":[{"count":68,"href":"https:\/\/toktoklab.fr\/index.php\/wp-json\/wp\/v2\/pages\/19\/revisions"}],"predecessor-version":[{"id":1093,"href":"https:\/\/toktoklab.fr\/index.php\/wp-json\/wp\/v2\/pages\/19\/revisions\/1093"}],"wp:attachment":[{"href":"https:\/\/toktoklab.fr\/index.php\/wp-json\/wp\/v2\/media?parent=19"}],"curies":[{"name":"wp","href":"https:\/\/api.w.org\/{rel}","templated":true}]}}