{"id":12,"date":"2026-03-10T09:21:03","date_gmt":"2026-03-10T09:21:03","guid":{"rendered":"http:\/\/toktoklab.fr\/?page_id=12"},"modified":"2026-04-22T19:39:20","modified_gmt":"2026-04-22T19:39:20","slug":"ateliers","status":"publish","type":"page","link":"https:\/\/toktoklab.fr\/index.php\/ateliers\/","title":{"rendered":"Ateliers"},"content":{"rendered":"\t\t<div data-elementor-type=\"wp-page\" data-elementor-id=\"12\" class=\"elementor elementor-12\">\n\t\t\t\t<div class=\"elementor-element elementor-element-77e2ab8 e-flex e-con-boxed e-con e-parent\" data-id=\"77e2ab8\" data-element_type=\"container\" data-e-type=\"container\">\n\t\t\t\t\t<div class=\"e-con-inner\">\n\t\t\t\t<div class=\"elementor-element elementor-element-5b368f3 elementor-widget elementor-widget-spacer\" data-id=\"5b368f3\" data-element_type=\"widget\" data-e-type=\"widget\" data-widget_type=\"spacer.default\">\n\t\t\t\t\t\t\t<div class=\"elementor-spacer\">\n\t\t\t<div class=\"elementor-spacer-inner\"><\/div>\n\t\t<\/div>\n\t\t\t\t\t\t<\/div>\n\t\t\t\t\t<\/div>\n\t\t\t\t<\/div>\n\t\t<div class=\"elementor-element elementor-element-3e50e35 e-flex e-con-boxed e-con e-parent\" data-id=\"3e50e35\" data-element_type=\"container\" data-e-type=\"container\">\n\t\t\t\t\t<div class=\"e-con-inner\">\n\t\t\t\t<div class=\"elementor-element elementor-element-4bc3ed1 elementor-widget elementor-widget-heading\" data-id=\"4bc3ed1\" data-element_type=\"widget\" data-e-type=\"widget\" data-widget_type=\"heading.default\">\n\t\t\t\t\t<h1 class=\"elementor-heading-title elementor-size-default\">PARTICIPEZ \u00c0 DES ATELIERS DE CUISINE VIVANTE, SAVOUREUSE ET INSPIRANTE !<\/h1>\t\t\t\t<\/div>\n\t\t<div class=\"elementor-element elementor-element-b334d79 e-con-full e-flex e-con e-child\" data-id=\"b334d79\" data-element_type=\"container\" data-e-type=\"container\" data-settings=\"{&quot;background_background&quot;:&quot;classic&quot;}\">\n\t\t\t\t<div class=\"elementor-element elementor-element-ff3fb69 elementor-widget elementor-widget-text-editor\" data-id=\"ff3fb69\" data-element_type=\"widget\" data-e-type=\"widget\" data-widget_type=\"text-editor.default\">\n\t\t\t\t\t\t\t\t\t<p style=\"text-align: left;\"><b>TokTok<\/b> vous propose d&#8217;\u00e9largir vos horizons culturels et culinaires : <br \/>Venez participer aux <b>ateliers de cuisine<\/b>\u00a0qui vous pr\u00e9sentent l&#8217;histoire de condiments mill\u00e9naires, ainsi que leur processus de fabrication. Gr\u00e2ce \u00e0 la lactofermentation et aux enzymes, vous d\u00e9couvrirez de nouveaux moyens de conserver et consommer fruits, l\u00e9gumes, c\u00e9r\u00e9ales et l\u00e9gumineuses.<\/p><p style=\"text-align: left;\">Ces transformations <strong>allongent la dur\u00e9e de vie des aliments,<\/strong> leur permettent de d\u00e9velopper des ar\u00f4mes riches et complexes, et <strong>les rendant plus digestes pour notre organisme.<\/strong> <\/p><p style=\"text-align: left;\">De quoi sublimer la palette de saveurs dans vos assiettes !\u00a0<\/p>\t\t\t\t\t\t\t\t<\/div>\n\t\t\t\t<\/div>\n\t\t<div class=\"elementor-element elementor-element-4b5a390 e-con-full e-flex e-con e-child\" data-id=\"4b5a390\" data-element_type=\"container\" data-e-type=\"container\">\n\t\t\t\t<div class=\"elementor-element elementor-element-657c2e3 elementor-widget elementor-widget-image\" data-id=\"657c2e3\" data-element_type=\"widget\" data-e-type=\"widget\" data-widget_type=\"image.default\">\n\t\t\t\t\t\t\t\t\t\t\t\t\t\t\t<img fetchpriority=\"high\" decoding=\"async\" width=\"451\" height=\"451\" src=\"https:\/\/toktoklab.fr\/wp-content\/uploads\/2026\/03\/ateliers.png\" class=\"attachment-large size-large wp-image-597\" alt=\"\" srcset=\"https:\/\/toktoklab.fr\/wp-content\/uploads\/2026\/03\/ateliers.png 451w, https:\/\/toktoklab.fr\/wp-content\/uploads\/2026\/03\/ateliers-300x300.png 300w, https:\/\/toktoklab.fr\/wp-content\/uploads\/2026\/03\/ateliers-150x150.png 150w, https:\/\/toktoklab.fr\/wp-content\/uploads\/2026\/03\/ateliers-100x100.png 100w\" sizes=\"(max-width: 451px) 100vw, 451px\" \/>\t\t\t\t\t\t\t\t\t\t\t\t\t\t\t<\/div>\n\t\t\t\t<\/div>\n\t\t<div class=\"elementor-element elementor-element-667d3b9 e-con-full e-flex e-con e-child\" data-id=\"667d3b9\" data-element_type=\"container\" data-e-type=\"container\">\n\t\t\t\t<div class=\"elementor-element elementor-element-0d7a0cf elementor-widget elementor-widget-spacer\" data-id=\"0d7a0cf\" data-element_type=\"widget\" data-e-type=\"widget\" data-widget_type=\"spacer.default\">\n\t\t\t\t\t\t\t<div class=\"elementor-spacer\">\n\t\t\t<div class=\"elementor-spacer-inner\"><\/div>\n\t\t<\/div>\n\t\t\t\t\t\t<\/div>\n\t\t\t\t<\/div>\n\t\t<div class=\"elementor-element elementor-element-669b7f5 e-con-full e-flex e-con e-child\" data-id=\"669b7f5\" data-element_type=\"container\" data-e-type=\"container\">\n\t\t\t\t<div class=\"elementor-element elementor-element-03ceb14 elementor-widget elementor-widget-heading\" data-id=\"03ceb14\" data-element_type=\"widget\" data-e-type=\"widget\" data-widget_type=\"heading.default\">\n\t\t\t\t\t<h2 class=\"elementor-heading-title elementor-size-default\">COMMENT SE D\u00c9ROULE UN ATELIER ?<\/h2>\t\t\t\t<\/div>\n\t\t\t\t<\/div>\n\t\t\t\t\t<\/div>\n\t\t\t\t<\/div>\n\t\t<div class=\"elementor-element elementor-element-077251a e-flex e-con-boxed e-con e-parent\" data-id=\"077251a\" data-element_type=\"container\" data-e-type=\"container\">\n\t\t\t\t\t<div class=\"e-con-inner\">\n\t\t<div class=\"elementor-element elementor-element-bb44472 e-con-full e-flex e-con e-child\" data-id=\"bb44472\" data-element_type=\"container\" data-e-type=\"container\">\n\t\t\t\t<div class=\"elementor-element elementor-element-dcf9173 elementor-widget elementor-widget-image\" data-id=\"dcf9173\" data-element_type=\"widget\" data-e-type=\"widget\" data-widget_type=\"image.default\">\n\t\t\t\t\t\t\t\t\t\t\t\t\t\t\t<img decoding=\"async\" width=\"364\" height=\"455\" src=\"https:\/\/toktoklab.fr\/wp-content\/uploads\/2026\/03\/AtelierMiso2.png\" class=\"attachment-large size-large wp-image-643\" alt=\"\" srcset=\"https:\/\/toktoklab.fr\/wp-content\/uploads\/2026\/03\/AtelierMiso2.png 364w, https:\/\/toktoklab.fr\/wp-content\/uploads\/2026\/03\/AtelierMiso2-240x300.png 240w\" sizes=\"(max-width: 364px) 100vw, 364px\" \/>\t\t\t\t\t\t\t\t\t\t\t\t\t\t\t<\/div>\n\t\t\t\t<\/div>\n\t\t<div class=\"elementor-element elementor-element-42b7056 e-con-full e-flex e-con e-child\" data-id=\"42b7056\" data-element_type=\"container\" data-e-type=\"container\" data-settings=\"{&quot;background_background&quot;:&quot;classic&quot;}\">\n\t\t\t\t<div class=\"elementor-element elementor-element-1f5d102 elementor-widget elementor-widget-text-editor\" data-id=\"1f5d102\" data-element_type=\"widget\" data-e-type=\"widget\" data-widget_type=\"text-editor.default\">\n\t\t\t\t\t\t\t\t\t<p>Chaque s\u00e9ance dure <strong>entre 2 et 3h<\/strong> (en fonction du th\u00e8me abord\u00e9), au local de l&#8217;association la Biz&#8217;ART&#8217;Rit.<\/p><p><strong>Les mati\u00e8res premi\u00e8res et le petit mat\u00e9riel sont fournis<\/strong>, \u00e0 l&#8217;exception des tabliers et des torchons apport\u00e9s par les participant.es.<br \/>Apr\u00e8s une pr\u00e9sentation th\u00e9orique en d\u00e9but de s\u00e9ance, nous mettons ensemble la main \u00e0 la p\u00e2te : nous cuisinons, go\u00fbtons, \u00e9changeons nos impressions. Toutes les questions sont les bienvenues dans la discussion !<\/p><p>En plus du prix de l&#8217;atelier (variable selon la th\u00e9matique), <strong>les participants doivent adh\u00e9rer \u00e0 l&#8217;association la Biz&#8217;ART&#8217;Rit<\/strong>\u00a0via un formulaire et une cotisation annuelle de 15\u20ac. Cette adh\u00e9sion est n\u00e9cessaire afin d&#8217;<strong>\u00eatre couvert par notre assurance<\/strong> lors de l&#8217;atelier. Une fois adh\u00e9rent.e, vous avez acc\u00e8s aux autres stages et ateliers propos\u00e9s par l&#8217;association !<\/p><p style=\"text-align: center;\"><strong>\u00a0Vous souhaitez \u00eatre inform\u00e9.e, pour ne pas rate pas la prochaine date?<\/strong><\/p>\t\t\t\t\t\t\t\t<\/div>\n\t\t\t\t<div class=\"elementor-element elementor-element-e42461b elementor-view-default elementor-widget elementor-widget-icon\" data-id=\"e42461b\" data-element_type=\"widget\" data-e-type=\"widget\" data-widget_type=\"icon.default\">\n\t\t\t\t\t\t\t<div class=\"elementor-icon-wrapper\">\n\t\t\t<div class=\"elementor-icon\">\n\t\t\t<svg aria-hidden=\"true\" class=\"e-font-icon-svg e-fas-arrow-down\" viewBox=\"0 0 448 512\" xmlns=\"http:\/\/www.w3.org\/2000\/svg\"><path d=\"M413.1 222.5l22.2 22.2c9.4 9.4 9.4 24.6 0 33.9L241 473c-9.4 9.4-24.6 9.4-33.9 0L12.7 278.6c-9.4-9.4-9.4-24.6 0-33.9l22.2-22.2c9.5-9.5 25-9.3 34.3.4L184 343.4V56c0-13.3 10.7-24 24-24h32c13.3 0 24 10.7 24 24v287.4l114.8-120.5c9.3-9.8 24.8-10 34.3-.4z\"><\/path><\/svg>\t\t\t<\/div>\n\t\t<\/div>\n\t\t\t\t\t\t<\/div>\n\t\t\t\t<div class=\"elementor-element elementor-element-04d459a elementor-align-center elementor-widget elementor-widget-button\" data-id=\"04d459a\" data-element_type=\"widget\" data-e-type=\"widget\" data-widget_type=\"button.default\">\n\t\t\t\t\t\t\t\t\t\t<a class=\"elementor-button elementor-button-link elementor-size-sm\" href=\"https:\/\/toktoklab.fr\/index.php\/contact\/\">\n\t\t\t\t\t\t<span class=\"elementor-button-content-wrapper\">\n\t\t\t\t\t\t\t\t\t<span class=\"elementor-button-text\">laissez-moi vos coordonn\u00e9es !<\/span>\n\t\t\t\t\t<\/span>\n\t\t\t\t\t<\/a>\n\t\t\t\t\t\t\t\t<\/div>\n\t\t\t\t<\/div>\n\t\t\t\t\t<\/div>\n\t\t\t\t<\/div>\n\t\t<div class=\"elementor-element elementor-element-f0aacf6 e-flex e-con-boxed e-con e-parent\" data-id=\"f0aacf6\" data-element_type=\"container\" data-e-type=\"container\">\n\t\t\t\t\t<div class=\"e-con-inner\">\n\t\t\t\t<div class=\"elementor-element elementor-element-5040dfa elementor-widget elementor-widget-spacer\" data-id=\"5040dfa\" data-element_type=\"widget\" data-e-type=\"widget\" data-widget_type=\"spacer.default\">\n\t\t\t\t\t\t\t<div class=\"elementor-spacer\">\n\t\t\t<div class=\"elementor-spacer-inner\"><\/div>\n\t\t<\/div>\n\t\t\t\t\t\t<\/div>\n\t\t\t\t\t<\/div>\n\t\t\t\t<\/div>\n\t\t<div class=\"elementor-element elementor-element-71953ee e-flex e-con-boxed e-con e-parent\" data-id=\"71953ee\" data-element_type=\"container\" data-e-type=\"container\">\n\t\t\t\t\t<div class=\"e-con-inner\">\n\t\t<div class=\"elementor-element elementor-element-0a9129e e-con-full e-flex e-con e-child\" data-id=\"0a9129e\" data-element_type=\"container\" data-e-type=\"container\">\n\t\t<div class=\"elementor-element elementor-element-592f66d e-con-full e-flex e-con e-child\" data-id=\"592f66d\" data-element_type=\"container\" data-e-type=\"container\" data-settings=\"{&quot;background_background&quot;:&quot;gradient&quot;}\">\n\t\t\t\t<div class=\"elementor-element elementor-element-8c621a5 elementor-widget elementor-widget-heading\" data-id=\"8c621a5\" data-element_type=\"widget\" data-e-type=\"widget\" data-widget_type=\"heading.default\">\n\t\t\t\t\t<h2 class=\"elementor-heading-title elementor-size-default\">\u00c9V\u00c9NEMENTS PASS\u00c9S<\/h2>\t\t\t\t<\/div>\n\t\t\t\t<\/div>\n\t\t\t\t<\/div>\n\t\t<div class=\"elementor-element elementor-element-25f1b78 e-con-full e-flex e-con e-child\" data-id=\"25f1b78\" data-element_type=\"container\" data-e-type=\"container\">\n\t\t<div class=\"elementor-element elementor-element-2939a59 e-con-full e-flex e-con e-child\" data-id=\"2939a59\" data-element_type=\"container\" data-e-type=\"container\">\n\t\t\t\t<\/div>\n\t\t<div class=\"elementor-element elementor-element-41fc7f1 e-con-full e-flex e-con e-child\" data-id=\"41fc7f1\" data-element_type=\"container\" data-e-type=\"container\">\n\t\t\t\t<\/div>\n\t\t\t\t<\/div>\n\t\t\t\t\t<\/div>\n\t\t\t\t<\/div>\n\t\t<div class=\"elementor-element elementor-element-97586f6 e-flex e-con-boxed e-con e-parent\" data-id=\"97586f6\" data-element_type=\"container\" data-e-type=\"container\">\n\t\t\t\t\t<div class=\"e-con-inner\">\n\t\t<div class=\"elementor-element elementor-element-2fe7370 e-con-full e-flex e-con e-child\" data-id=\"2fe7370\" data-element_type=\"container\" data-e-type=\"container\" data-settings=\"{&quot;background_background&quot;:&quot;classic&quot;}\">\n\t\t\t\t<div class=\"elementor-element elementor-element-f81c816 elementor-widget elementor-widget-heading\" data-id=\"f81c816\" data-element_type=\"widget\" data-e-type=\"widget\" data-widget_type=\"heading.default\">\n\t\t\t\t\t<h2 class=\"elementor-heading-title elementor-size-default\">KIMJANG : LA FABRICATION DU KIMCHI<\/h2>\t\t\t\t<\/div>\n\t\t\t\t<div class=\"elementor-element elementor-element-ebb10ef elementor-widget elementor-widget-text-editor\" data-id=\"ebb10ef\" data-element_type=\"widget\" data-e-type=\"widget\" data-widget_type=\"text-editor.default\">\n\t\t\t\t\t\t\t\t\t<p><strong>SAMEDI 31 JANVIER 2026<\/strong> <i>de 10h \u00e0 12h<\/i><\/p><p><a href=\"https:\/\/maps.app.goo.gl\/njxHKT5Gp2WYLCuT6\"><strong>TOKTOK (dans les locaux de l&#8217;association la Biz&#8217;ART&#8217;Rit)<\/strong><br \/>4, rue Pyr\u00e8ne &#8211; 09000 FOIX<\/a> <br \/>Tarif: 35\u20ac\/personne + 15\u20ac d&#8217;adh\u00e9sion \u00e0 l&#8217;association La Biz&#8217;ART&#8217;Rit (pour les non-adh\u00e9rents)<br \/><strong>R\u00e9servation obligatoire <\/strong>: <a href=\"mailto:toktokariege@gmail.com\"><strong>Par e-mail<\/strong><\/a>, ou par t\u00e9l\u00e9phone : 06.75.63.99.79<\/p><p>Si vous souhaitez \u00eatre inform\u00e9.e des dates des prochains \u00e9v\u00e9nements&#8230;<\/p>\t\t\t\t\t\t\t\t<\/div>\n\t\t\t\t<div class=\"elementor-element elementor-element-34ea5a3 elementor-view-default elementor-widget elementor-widget-icon\" data-id=\"34ea5a3\" data-element_type=\"widget\" data-e-type=\"widget\" data-widget_type=\"icon.default\">\n\t\t\t\t\t\t\t<div class=\"elementor-icon-wrapper\">\n\t\t\t<div class=\"elementor-icon\">\n\t\t\t<svg aria-hidden=\"true\" class=\"e-font-icon-svg e-fas-arrow-down\" viewBox=\"0 0 448 512\" xmlns=\"http:\/\/www.w3.org\/2000\/svg\"><path d=\"M413.1 222.5l22.2 22.2c9.4 9.4 9.4 24.6 0 33.9L241 473c-9.4 9.4-24.6 9.4-33.9 0L12.7 278.6c-9.4-9.4-9.4-24.6 0-33.9l22.2-22.2c9.5-9.5 25-9.3 34.3.4L184 343.4V56c0-13.3 10.7-24 24-24h32c13.3 0 24 10.7 24 24v287.4l114.8-120.5c9.3-9.8 24.8-10 34.3-.4z\"><\/path><\/svg>\t\t\t<\/div>\n\t\t<\/div>\n\t\t\t\t\t\t<\/div>\n\t\t\t\t<div class=\"elementor-element elementor-element-8454c05 elementor-align-center elementor-widget elementor-widget-button\" data-id=\"8454c05\" data-element_type=\"widget\" data-e-type=\"widget\" data-widget_type=\"button.default\">\n\t\t\t\t\t\t\t\t\t\t<a class=\"elementor-button elementor-button-link elementor-size-sm\" href=\"https:\/\/toktoklab.fr\/index.php\/contact\/\">\n\t\t\t\t\t\t<span class=\"elementor-button-content-wrapper\">\n\t\t\t\t\t\t\t\t\t<span class=\"elementor-button-text\">laissez-moi vos coordonn\u00e9es !<\/span>\n\t\t\t\t\t<\/span>\n\t\t\t\t\t<\/a>\n\t\t\t\t\t\t\t\t<\/div>\n\t\t\t\t<\/div>\n\t\t<div class=\"elementor-element elementor-element-00a9897 e-con-full e-flex e-con e-child\" data-id=\"00a9897\" data-element_type=\"container\" data-e-type=\"container\">\n\t\t\t\t<div class=\"elementor-element elementor-element-00d63ac elementor-widget elementor-widget-image\" data-id=\"00d63ac\" data-element_type=\"widget\" data-e-type=\"widget\" data-widget_type=\"image.default\">\n\t\t\t\t\t\t\t\t\t\t\t\t\t\t\t<img decoding=\"async\" width=\"811\" height=\"788\" src=\"https:\/\/toktoklab.fr\/wp-content\/uploads\/2026\/03\/atelierKimchi.jpg\" class=\"attachment-large size-large wp-image-556\" alt=\"\" srcset=\"https:\/\/toktoklab.fr\/wp-content\/uploads\/2026\/03\/atelierKimchi.jpg 811w, https:\/\/toktoklab.fr\/wp-content\/uploads\/2026\/03\/atelierKimchi-300x291.jpg 300w, https:\/\/toktoklab.fr\/wp-content\/uploads\/2026\/03\/atelierKimchi-768x746.jpg 768w, https:\/\/toktoklab.fr\/wp-content\/uploads\/2026\/03\/atelierKimchi-600x583.jpg 600w\" sizes=\"(max-width: 811px) 100vw, 811px\" \/>\t\t\t\t\t\t\t\t\t\t\t\t\t\t\t<\/div>\n\t\t\t\t<\/div>\n\t\t\t\t\t<\/div>\n\t\t\t\t<\/div>\n\t\t<div class=\"elementor-element elementor-element-a2ea0a6 e-flex e-con-boxed e-con e-parent\" data-id=\"a2ea0a6\" data-element_type=\"container\" data-e-type=\"container\">\n\t\t\t\t\t<div class=\"e-con-inner\">\n\t\t<div class=\"elementor-element elementor-element-8ef9dbd e-con-full e-flex e-con e-child\" data-id=\"8ef9dbd\" data-element_type=\"container\" data-e-type=\"container\">\n\t\t\t\t<\/div>\n\t\t<div class=\"elementor-element elementor-element-9a07750 e-con-full e-flex e-con e-child\" data-id=\"9a07750\" data-element_type=\"container\" data-e-type=\"container\">\n\t\t\t\t<\/div>\n\t\t<div class=\"elementor-element elementor-element-19d892c e-con-full e-flex e-con e-child\" data-id=\"19d892c\" data-element_type=\"container\" data-e-type=\"container\">\n\t\t\t\t<div class=\"elementor-element elementor-element-8c4d3dd elementor-widget elementor-widget-image\" data-id=\"8c4d3dd\" data-element_type=\"widget\" data-e-type=\"widget\" data-widget_type=\"image.default\">\n\t\t\t\t\t\t\t\t\t\t\t\t\t\t\t<img loading=\"lazy\" decoding=\"async\" width=\"1022\" height=\"1024\" src=\"https:\/\/toktoklab.fr\/wp-content\/uploads\/2026\/03\/STAGEMISO-1022x1024.png\" class=\"attachment-large size-large wp-image-557\" alt=\"\" srcset=\"https:\/\/toktoklab.fr\/wp-content\/uploads\/2026\/03\/STAGEMISO-1022x1024.png 1022w, https:\/\/toktoklab.fr\/wp-content\/uploads\/2026\/03\/STAGEMISO-300x300.png 300w, https:\/\/toktoklab.fr\/wp-content\/uploads\/2026\/03\/STAGEMISO-150x150.png 150w, https:\/\/toktoklab.fr\/wp-content\/uploads\/2026\/03\/STAGEMISO-768x769.png 768w, https:\/\/toktoklab.fr\/wp-content\/uploads\/2026\/03\/STAGEMISO-600x601.png 600w, https:\/\/toktoklab.fr\/wp-content\/uploads\/2026\/03\/STAGEMISO-100x100.png 100w, https:\/\/toktoklab.fr\/wp-content\/uploads\/2026\/03\/STAGEMISO.png 1058w\" sizes=\"(max-width: 1022px) 100vw, 1022px\" \/>\t\t\t\t\t\t\t\t\t\t\t\t\t\t\t<\/div>\n\t\t\t\t<\/div>\n\t\t<div class=\"elementor-element elementor-element-28e58f4 e-con-full e-flex e-con e-child\" data-id=\"28e58f4\" data-element_type=\"container\" data-e-type=\"container\" data-settings=\"{&quot;background_background&quot;:&quot;classic&quot;}\">\n\t\t\t\t<div class=\"elementor-element elementor-element-2427f6b elementor-widget elementor-widget-heading\" data-id=\"2427f6b\" data-element_type=\"widget\" data-e-type=\"widget\" data-widget_type=\"heading.default\">\n\t\t\t\t\t<h2 class=\"elementor-heading-title elementor-size-default\">LA CHIMIE DU MISO<\/h2>\t\t\t\t<\/div>\n\t\t\t\t<div class=\"elementor-element elementor-element-eb2bd40 elementor-widget elementor-widget-text-editor\" data-id=\"eb2bd40\" data-element_type=\"widget\" data-e-type=\"widget\" data-widget_type=\"text-editor.default\">\n\t\t\t\t\t\t\t\t\t<p><strong>SAMEDI 25 OCTOBRE 2025<\/strong> <i>de 10h \u00e0 13h<\/i><\/p><p><a href=\"https:\/\/maps.app.goo.gl\/njxHKT5Gp2WYLCuT6\"><strong>TOKTOK (dans les locaux de l&#8217;association la Biz&#8217;ART&#8217;Rit)<\/strong><br \/>4, rue Pyr\u00e8ne &#8211; 09000 FOIX<\/a> <br \/>Tarif: 40\u20ac\/personne + 15\u20ac d&#8217;adh\u00e9sion \u00e0 l&#8217;association La Biz&#8217;ART&#8217;Rit (pour les non-adh\u00e9rents)<\/p><p><strong>R\u00e9servation obligatoire <\/strong>: <a href=\"mailto:toktokariege@gmail.com\"><strong>Par e-mail<\/strong><\/a>, ou par t\u00e9l\u00e9phone : 06.75.63.99.79<\/p><p>Si vous souhaitez \u00eatre inform\u00e9.e des dates des prochains \u00e9v\u00e9nements&#8230;<\/p>\t\t\t\t\t\t\t\t<\/div>\n\t\t\t\t<div class=\"elementor-element elementor-element-42dfad2 elementor-view-default elementor-widget elementor-widget-icon\" data-id=\"42dfad2\" data-element_type=\"widget\" data-e-type=\"widget\" data-widget_type=\"icon.default\">\n\t\t\t\t\t\t\t<div class=\"elementor-icon-wrapper\">\n\t\t\t<div class=\"elementor-icon\">\n\t\t\t<svg aria-hidden=\"true\" class=\"e-font-icon-svg e-fas-arrow-down\" viewBox=\"0 0 448 512\" xmlns=\"http:\/\/www.w3.org\/2000\/svg\"><path d=\"M413.1 222.5l22.2 22.2c9.4 9.4 9.4 24.6 0 33.9L241 473c-9.4 9.4-24.6 9.4-33.9 0L12.7 278.6c-9.4-9.4-9.4-24.6 0-33.9l22.2-22.2c9.5-9.5 25-9.3 34.3.4L184 343.4V56c0-13.3 10.7-24 24-24h32c13.3 0 24 10.7 24 24v287.4l114.8-120.5c9.3-9.8 24.8-10 34.3-.4z\"><\/path><\/svg>\t\t\t<\/div>\n\t\t<\/div>\n\t\t\t\t\t\t<\/div>\n\t\t\t\t<div class=\"elementor-element elementor-element-19fbc25 elementor-align-center elementor-widget elementor-widget-button\" data-id=\"19fbc25\" data-element_type=\"widget\" data-e-type=\"widget\" data-widget_type=\"button.default\">\n\t\t\t\t\t\t\t\t\t\t<a class=\"elementor-button elementor-button-link elementor-size-sm\" href=\"https:\/\/toktoklab.fr\/index.php\/contact\/\">\n\t\t\t\t\t\t<span class=\"elementor-button-content-wrapper\">\n\t\t\t\t\t\t\t\t\t<span class=\"elementor-button-text\">laissez-moi vos coordonn\u00e9es !<\/span>\n\t\t\t\t\t<\/span>\n\t\t\t\t\t<\/a>\n\t\t\t\t\t\t\t\t<\/div>\n\t\t\t\t<\/div>\n\t\t\t\t\t<\/div>\n\t\t\t\t<\/div>\n\t\t<div class=\"elementor-element elementor-element-e4194f3 e-flex e-con-boxed e-con e-parent\" data-id=\"e4194f3\" data-element_type=\"container\" data-e-type=\"container\">\n\t\t\t\t\t<div class=\"e-con-inner\">\n\t\t\t\t<div class=\"elementor-element elementor-element-5ba0713 elementor-widget elementor-widget-spacer\" data-id=\"5ba0713\" data-element_type=\"widget\" data-e-type=\"widget\" data-widget_type=\"spacer.default\">\n\t\t\t\t\t\t\t<div class=\"elementor-spacer\">\n\t\t\t<div class=\"elementor-spacer-inner\"><\/div>\n\t\t<\/div>\n\t\t\t\t\t\t<\/div>\n\t\t\t\t\t<\/div>\n\t\t\t\t<\/div>\n\t\t\t\t<\/div>\n\t\t","protected":false},"excerpt":{"rendered":"<p>PARTICIPEZ \u00c0 DES ATELIERS DE CUISINE VIVANTE, SAVOUREUSE ET INSPIRANTE ! TokTok vous propose d&#8217;\u00e9largir vos horizons culturels et culinaires [&hellip;]<\/p>\n","protected":false},"author":1,"featured_media":0,"parent":0,"menu_order":0,"comment_status":"closed","ping_status":"closed","template":"","meta":{"site-sidebar-layout":"no-sidebar","site-content-layout":"","ast-site-content-layout":"full-width-container","site-content-style":"default","site-sidebar-style":"default","ast-global-header-display":"","ast-banner-title-visibility":"","ast-main-header-display":"","ast-hfb-above-header-display":"","ast-hfb-below-header-display":"","ast-hfb-mobile-header-display":"","site-post-title":"disabled","ast-breadcrumbs-content":"","ast-featured-img":"disabled","footer-sml-layout":"","ast-disable-related-posts":"","theme-transparent-header-meta":"","adv-header-id-meta":"","stick-header-meta":"","header-above-stick-meta":"","header-main-stick-meta":"","header-below-stick-meta":"","astra-migrate-meta-layouts":"default","ast-page-background-enabled":"default","ast-page-background-meta":{"desktop":{"background-color":"var(--ast-global-color-5)","background-image":"","background-repeat":"repeat","background-position":"center center","background-size":"auto","background-attachment":"scroll","background-type":"","background-media":"","overlay-type":"","overlay-color":"","overlay-opacity":"","overlay-gradient":""},"tablet":{"background-color":"","background-image":"","background-repeat":"repeat","background-position":"center center","background-size":"auto","background-attachment":"scroll","background-type":"","background-media":"","overlay-type":"","overlay-color":"","overlay-opacity":"","overlay-gradient":""},"mobile":{"background-color":"","background-image":"","background-repeat":"repeat","background-position":"center center","background-size":"auto","background-attachment":"scroll","background-type":"","background-media":"","overlay-type":"","overlay-color":"","overlay-opacity":"","overlay-gradient":""}},"ast-content-background-meta":{"desktop":{"background-color":"var(--ast-global-color-4)","background-image":"","background-repeat":"repeat","background-position":"center center","background-size":"auto","background-attachment":"scroll","background-type":"","background-media":"","overlay-type":"","overlay-color":"","overlay-opacity":"","overlay-gradient":""},"tablet":{"background-color":"var(--ast-global-color-4)","background-image":"","background-repeat":"repeat","background-position":"center center","background-size":"auto","background-attachment":"scroll","background-type":"","background-media":"","overlay-type":"","overlay-color":"","overlay-opacity":"","overlay-gradient":""},"mobile":{"background-color":"var(--ast-global-color-4)","background-image":"","background-repeat":"repeat","background-position":"center center","background-size":"auto","background-attachment":"scroll","background-type":"","background-media":"","overlay-type":"","overlay-color":"","overlay-opacity":"","overlay-gradient":""}},"footnotes":""},"class_list":["post-12","page","type-page","status-publish","hentry"],"_links":{"self":[{"href":"https:\/\/toktoklab.fr\/index.php\/wp-json\/wp\/v2\/pages\/12","targetHints":{"allow":["GET"]}}],"collection":[{"href":"https:\/\/toktoklab.fr\/index.php\/wp-json\/wp\/v2\/pages"}],"about":[{"href":"https:\/\/toktoklab.fr\/index.php\/wp-json\/wp\/v2\/types\/page"}],"author":[{"embeddable":true,"href":"https:\/\/toktoklab.fr\/index.php\/wp-json\/wp\/v2\/users\/1"}],"replies":[{"embeddable":true,"href":"https:\/\/toktoklab.fr\/index.php\/wp-json\/wp\/v2\/comments?post=12"}],"version-history":[{"count":119,"href":"https:\/\/toktoklab.fr\/index.php\/wp-json\/wp\/v2\/pages\/12\/revisions"}],"predecessor-version":[{"id":1081,"href":"https:\/\/toktoklab.fr\/index.php\/wp-json\/wp\/v2\/pages\/12\/revisions\/1081"}],"wp:attachment":[{"href":"https:\/\/toktoklab.fr\/index.php\/wp-json\/wp\/v2\/media?parent=12"}],"curies":[{"name":"wp","href":"https:\/\/api.w.org\/{rel}","templated":true}]}}